{"id":41,"date":"2018-01-09T23:28:46","date_gmt":"2018-01-09T22:28:46","guid":{"rendered":"http:\/\/xystus.at\/laurenz\/?page_id=41"},"modified":"2019-03-15T21:06:15","modified_gmt":"2019-03-15T20:06:15","slug":"impressum-2","status":"publish","type":"page","link":"https:\/\/www.laurenz.co.at\/index.php\/impressum-2\/","title":{"rendered":"Impressum"},"content":{"rendered":"<p><span style=\"font-size: 14pt; color: #ff0000;\"><em><strong>impressum<\/strong><\/em><\/span><\/p>\n<hr \/>\n<p><strong>Laurenz Projektentwicklungs Ges.m.b.H.<\/strong><\/p>\n<p><strong>Gesch\u00e4ftsf\u00fchrer: Peter Mayer<\/strong><\/p>\n<div>Landstra\u00dfer Hauptstra\u00dfe 46\/3<\/div>\n<div>A-1030 Wien<\/div>\n<div>Tel. +43 (0)664 &#8211; 393 20 13<\/div>\n<div>Fax +43 (0)1 25 330 338 337<\/div>\n<div>Mail: <a href=\"mailto:office@laurenz.co.at\">office@laurenz.co.at<\/a><\/div>\n<div>web: <a target=\"_blank\">www.laurenz.co.at<\/a><\/div>\n<div>FN 323755 k &#8211; HG Wien<\/div>\n<div>UID: ATU64813722<\/div>\n<div>EORI: ATEOS1000095400<\/div>\n<div>\n<hr \/>\n<\/div>\n<p>Disclaimer<\/p>\n<p>Alle Angebote in der Datenbank sind freibleibend und vorbehaltlich Zwischenvermietung und -verkauf.<\/p>\n<p>Die Firma Laurenz Projektentwicklungs GmbH hat s\u00e4mtliche zumutbaren Anstrengungen unternommen um sicher zu stellen, dass die auf dieser Web-Site bereitgestellten Informationen zur Zeit der Bereitstellung richtig und vollst\u00e4ndig sind, Dennoch kann es zu unbeabsichtigten und zuf\u00e4lligen Fehlern gekommen sein, f\u00fcr die wir uns entschuldigen.<\/p>\n<p>Die Firma Laurenz \u00fcbernimmt keine Gew\u00e4hrleistung f\u00fcr jegliche auf dieser Web-Site zur Verf\u00fcgung gestellten Informationen.<\/p>\n<p>Die Laurenz Projektentwicklungs GmbH beh\u00e4lt sich das Recht vor, \u00c4nderungen oder Erg\u00e4nzungen der bereitgestellten Informationen, Texte und grafischen Gestaltungen ohne vorherige Ank\u00fcndigung vorzunehmen.<\/p>\n<p>Die Laurenz Projektentwicklungs GmbH lehnt jegliche Haftung f\u00fcr unrichtige oder fehlende Informationen auf der Laurenz Web-Site ab. Alle Entscheidungen, die auf den auf der Laurenz Web-Site bereitgestellten Informationen beruhen, sind einzig und allein vom Benutzer zu verantworten.<\/p>\n<p>S\u00e4mtliche auf dieser Web-Site ver\u00f6ffentlichte Texte und grafische Gestaltungen jedweder Art unterliegen dem Schutz des Urheberrechtes. Eine Wiedergabe, Vervielf\u00e4ltigung oder Ver\u00f6ffentlichung der auf dieser Web-Site ver\u00f6ffentlichten Texte und grafischen Gestaltungen jedweder Art ist nicht gestattet.<\/p>\n<p><strong>\u00a9 2009 Laurenz Projektentwicklung<\/strong><\/p>\n","protected":false},"excerpt":{"rendered":"<p>impressum Laurenz Projektentwicklungs Ges.m.b.H. Gesch\u00e4ftsf\u00fchrer: Peter Mayer Landstra\u00dfer Hauptstra\u00dfe 46\/3 A-1030 Wien Tel. +43 (0)664 &#8211; 393 20 13 Fax +43 (0)1 25 330 338 337 Mail: office@laurenz.co.at web: www.laurenz.co.at FN 323755 k &#8211; HG Wien UID: ATU64813722 EORI: ATEOS1000095400 Disclaimer Alle Angebote in der Datenbank sind freibleibend und vorbehaltlich Zwischenvermietung und -verkauf. Die Firma [&hellip;]<\/p>\n<p class=\"more-link\"><a href=\"https:\/\/www.laurenz.co.at\/index.php\/impressum-2\/\"  class=\"themebutton\">Read More<\/a><\/p>\n","protected":false},"author":2,"featured_media":66,"parent":0,"menu_order":0,"comment_status":"closed","ping_status":"closed","template":"","meta":[],"categories":[],"tags":[],"_links":{"self":[{"href":"https:\/\/www.laurenz.co.at\/index.php\/wp-json\/wp\/v2\/pages\/41"}],"collection":[{"href":"https:\/\/www.laurenz.co.at\/index.php\/wp-json\/wp\/v2\/pages"}],"about":[{"href":"https:\/\/www.laurenz.co.at\/index.php\/wp-json\/wp\/v2\/types\/page"}],"author":[{"embeddable":true,"href":"https:\/\/www.laurenz.co.at\/index.php\/wp-json\/wp\/v2\/users\/2"}],"replies":[{"embeddable":true,"href":"https:\/\/www.laurenz.co.at\/index.php\/wp-json\/wp\/v2\/comments?post=41"}],"version-history":[{"count":6,"href":"https:\/\/www.laurenz.co.at\/index.php\/wp-json\/wp\/v2\/pages\/41\/revisions"}],"predecessor-version":[{"id":1863,"href":"https:\/\/www.laurenz.co.at\/index.php\/wp-json\/wp\/v2\/pages\/41\/revisions\/1863"}],"wp:featuredmedia":[{"embeddable":true,"href":"https:\/\/www.laurenz.co.at\/index.php\/wp-json\/wp\/v2\/media\/66"}],"wp:attachment":[{"href":"https:\/\/www.laurenz.co.at\/index.php\/wp-json\/wp\/v2\/media?parent=41"}],"wp:term":[{"taxonomy":"category","embeddable":true,"href":"https:\/\/www.laurenz.co.at\/index.php\/wp-json\/wp\/v2\/categories?post=41"},{"taxonomy":"post_tag","embeddable":true,"href":"https:\/\/www.laurenz.co.at\/index.php\/wp-json\/wp\/v2\/tags?post=41"}],"curies":[{"name":"wp","href":"https:\/\/api.w.org\/{rel}","templated":true}]}}